{"id":4,"date":"2024-06-20T15:24:16","date_gmt":"2024-06-20T13:24:16","guid":{"rendered":"https:\/\/cabanes-plandebaix.com\/?page_id=4"},"modified":"2025-11-14T10:31:32","modified_gmt":"2025-11-14T09:31:32","slug":"reservez-votre-nuit-dans-nos-cabanes-de-randonnee","status":"publish","type":"page","link":"https:\/\/cabanes-plandebaix.com\/","title":{"rendered":"R\u00e9servez votre nuit dans nos cabanes de randonn\u00e9e !"},"content":{"rendered":"\n<p>Nous sommes tr\u00e8s heureux de vous proposer ce service d&rsquo;h\u00e9bergement au coeur de notre village. <\/p>\n\n\n\n<p>Que vous soyez randonneurs, randonneuses ou cycliste itin\u00e9rant(e), ou simplement \u00e0 la recherche d&rsquo;une retraite paisible loin de l&rsquo;agitation urbaine, nous avons la cabane parfaite pour vous ! <\/p>\n\n\n\n<p>D\u00e9couvrez et de r\u00e9servez facilement nos cabanes situ\u00e9es sur le <a href=\"https:\/\/www.mongr.fr\/trouver-prochaine-randonnee\/itineraire\/gr-9-du-jura-a-la-mediterranee\">GR\u00ae9<\/a> et les <a href=\"https:\/\/montourenvercors.com\/\">Grandes Travers\u00e9es du Vercors<\/a>, dans un village de montagne pittoresque et pr\u00e9serv\u00e9 de la Vall\u00e9e de la <a href=\"https:\/\/www.ladrometourisme.com\/\">Dr\u00f4me<\/a>. <\/p>\n\n\n\n<p>Profitez de l&rsquo;air pur, des paysages \u00e0 couper le souffle et du confort rustique de nos h\u00e9bergements fournis par <a href=\"https:\/\/www.hellocabanes.com\/\">Hello-Cabanes<\/a>. <\/p>\n\n\n\n<p>Explorez notre site d\u00e8s aujourd&rsquo;hui et pr\u00e9parez-vous \u00e0 vivre une aventure m\u00e9morable en plein c\u0153ur de la nature.<\/p>\n\n\n\n<p><\/p>\n\n\n\n<p><\/p>\n\n\n\n<h4 class=\"wp-block-heading\" style=\"margin-top:var(--wp--preset--spacing--60);margin-bottom:var(--wp--preset--spacing--60)\">R\u00e9server ma cabane<br><\/h4>\n\n\n\n<div class=\"wp-block-group has-foreground-background-color has-background is-layout-constrained wp-container-core-group-is-layout-3bb180a9 wp-block-group-is-layout-constrained\" style=\"margin-top:var(--wp--preset--spacing--40);margin-bottom:var(--wp--preset--spacing--40);padding-top:var(--wp--preset--spacing--40);padding-right:var(--wp--preset--spacing--50);padding-bottom:var(--wp--preset--spacing--40);padding-left:var(--wp--preset--spacing--50)\">\n<script type=\"text\/javascript\" src=\"\/\/gadget.open-system.fr\/widgets-libs\/rel\/noyau-1.0.min.js\"><\/script>\n<script type=\"text\/javascript\">\n( function() {\n\tvar widgetProduit = AllianceReseaux.Widget.Instance( \"Produit\", { idPanier:\"GTgZGRk\", idIntegration:1200, langue:\"fr\", ui:\"OSCA-132242\" } );\n\twidgetProduit.PreApp(\"planning.actif\", true);\n\twidgetProduit.PreApp(\"planning.nbMaxProduits\", 100);\n\twidgetProduit.Initialise();\n})();\n<\/script>\n\n<div id=\"widget-produit-OSCA-132242\"><\/div>\n\n<\/div>\n\n\n\n<figure class=\"wp-block-image size-full wp-duotone-unset-1\"><img loading=\"lazy\" decoding=\"async\" width=\"2560\" height=\"1152\" src=\"https:\/\/cabanes-plandebaix.com\/wp-content\/uploads\/2025\/06\/20250606_102907-scaled.jpg\" alt=\"\" class=\"wp-image-78\" srcset=\"https:\/\/cabanes-plandebaix.com\/wp-content\/uploads\/2025\/06\/20250606_102907-scaled.jpg 2560w, https:\/\/cabanes-plandebaix.com\/wp-content\/uploads\/2025\/06\/20250606_102907-300x135.jpg 300w, https:\/\/cabanes-plandebaix.com\/wp-content\/uploads\/2025\/06\/20250606_102907-1024x461.jpg 1024w, https:\/\/cabanes-plandebaix.com\/wp-content\/uploads\/2025\/06\/20250606_102907-768x346.jpg 768w, https:\/\/cabanes-plandebaix.com\/wp-content\/uploads\/2025\/06\/20250606_102907-1536x691.jpg 1536w, https:\/\/cabanes-plandebaix.com\/wp-content\/uploads\/2025\/06\/20250606_102907-2048x922.jpg 2048w\" sizes=\"auto, (max-width: 2560px) 100vw, 2560px\" \/><\/figure>\n","protected":false},"excerpt":{"rendered":"<p>Nous sommes tr\u00e8s heureux de vous proposer ce service d&rsquo;h\u00e9bergement au coeur de notre village. Que vous soyez randonneurs, randonneuses ou cycliste itin\u00e9rant(e), ou simplement \u00e0 la recherche d&rsquo;une retraite paisible loin de l&rsquo;agitation urbaine, nous avons la cabane parfaite pour vous ! D\u00e9couvrez et de r\u00e9servez facilement nos cabanes situ\u00e9es sur le GR\u00ae9 et [&hellip;]<\/p>\n","protected":false},"author":1,"featured_media":6,"parent":0,"menu_order":0,"comment_status":"closed","ping_status":"closed","template":"","meta":{"footnotes":""},"class_list":["post-4","page","type-page","status-publish","has-post-thumbnail","hentry"],"_links":{"self":[{"href":"https:\/\/cabanes-plandebaix.com\/index.php\/wp-json\/wp\/v2\/pages\/4","targetHints":{"allow":["GET"]}}],"collection":[{"href":"https:\/\/cabanes-plandebaix.com\/index.php\/wp-json\/wp\/v2\/pages"}],"about":[{"href":"https:\/\/cabanes-plandebaix.com\/index.php\/wp-json\/wp\/v2\/types\/page"}],"author":[{"embeddable":true,"href":"https:\/\/cabanes-plandebaix.com\/index.php\/wp-json\/wp\/v2\/users\/1"}],"replies":[{"embeddable":true,"href":"https:\/\/cabanes-plandebaix.com\/index.php\/wp-json\/wp\/v2\/comments?post=4"}],"version-history":[{"count":19,"href":"https:\/\/cabanes-plandebaix.com\/index.php\/wp-json\/wp\/v2\/pages\/4\/revisions"}],"predecessor-version":[{"id":81,"href":"https:\/\/cabanes-plandebaix.com\/index.php\/wp-json\/wp\/v2\/pages\/4\/revisions\/81"}],"wp:featuredmedia":[{"embeddable":true,"href":"https:\/\/cabanes-plandebaix.com\/index.php\/wp-json\/wp\/v2\/media\/6"}],"wp:attachment":[{"href":"https:\/\/cabanes-plandebaix.com\/index.php\/wp-json\/wp\/v2\/media?parent=4"}],"curies":[{"name":"wp","href":"https:\/\/api.w.org\/{rel}","templated":true}]}}