{"id":30,"date":"2024-11-13T10:36:01","date_gmt":"2024-11-13T09:36:01","guid":{"rendered":"https:\/\/cabanes-plandebaix.com\/?page_id=30"},"modified":"2024-11-13T16:03:18","modified_gmt":"2024-11-13T15:03:18","slug":"notre-village","status":"publish","type":"page","link":"https:\/\/cabanes-plandebaix.com\/index.php\/notre-village\/","title":{"rendered":"Notre village"},"content":{"rendered":"\n<p><\/p>\n\n\n\n<h4 class=\"wp-block-heading\">D\u00e9couvrez Plan-de-Baix : Un joyau cach\u00e9 de la Vallee de la  Dr\u00f4me<\/h4>\n\n\n\n<p>Nich\u00e9 au pied du majestueux plateau du Vellan, Plan-de-Baix est un charmant village situ\u00e9 dans la Dr\u00f4me, \u00e0 quelques kilom\u00e8tres de Crest. Entre nature pr\u00e9serv\u00e9e, patrimoine historique et activit\u00e9s en plein air, cette petite commune a tout pour s\u00e9duire les amoureux de paysages authentiques et de calme.<br><\/p>\n\n\n\n<h4 class=\"wp-block-heading\">Une nature \u00e0 couper le souffle<\/h4>\n\n\n\n<p>Plan-de-Baix est entour\u00e9 de panoramas spectaculaires, avec des falaises, des vall\u00e9es verdoyantes et des for\u00eats luxuriantes. Le village est le point de d\u00e9part id\u00e9al pour explorer les gorges d\u2019Ombl\u00e8ze, c\u00e9l\u00e8bres pour leurs cascades cristallines comme la Chute de la Druise. Les amateurs de randonn\u00e9e trouveront leur bonheur sur les nombreux sentiers balis\u00e9s qui offrent des vues imprenables sur le Vercors, les TroisBecs et la vall\u00e9e de la Gervanne.<br><\/p>\n\n\n\n<h4 class=\"wp-block-heading\">Un village au charme authentique<\/h4>\n\n\n\n<p>Avec ses maisons de pierre et son ambiance typique \u00e9clat\u00e9 en plusieurs hameaux, Plan-de-Baix incarne la douceur de vivre. Le village, bien que petit, regorge d\u2019histoire et de traditions. Une visite de l\u2019\u00e9glise Saint-Pierre, b\u00e2tie au XIIe si\u00e8cle, vous plongera dans le riche pass\u00e9 de cette r\u00e9gion. En fl\u00e2nant dans ses ruelles, vous d\u00e9couvrirez l\u2019hospitalit\u00e9 chaleureuse de ses habitants.<br><\/p>\n\n\n\n<h4 class=\"wp-block-heading\">Activit\u00e9s pour tous<\/h4>\n\n\n\n<p>Plan-de-Baix est une destination pris\u00e9e pour les amateurs de sport et de nature. Outre la randonn\u00e9e, les visiteurs peuvent pratiquer l\u2019escalade, le VTT ou encore le parapente pour admirer les paysages sous un autre angle. La r\u00e9gion est \u00e9galement id\u00e9ale pour les balades en famille ou les pique-niques au c\u0153ur de la nature.<br><\/p>\n\n\n\n<h4 class=\"wp-block-heading\">Une gastronomie locale \u00e0 savourer<\/h4>\n\n\n\n<p>Apr\u00e8s une journ\u00e9e de d\u00e9couverte, profitez des saveurs locales en d\u00e9gustant des produits du terroir dr\u00f4mois. Fromages, miel, noix, ravioles et vins de la r\u00e9gion vous invitent \u00e0 un voyage gustatif unique. Les march\u00e9s locaux regorgent de sp\u00e9cialit\u00e9s qui raviront vos papilles.<br><\/p>\n\n\n\n<h4 class=\"wp-block-heading\">Pourquoi visiter Plan-de-Baix ?<\/h4>\n\n\n\n<p>Plan-de-Baix, c\u2019est la promesse d\u2019un s\u00e9jour hors des sentiers battus, au c\u0153ur d\u2019un cadre naturel pr\u00e9serv\u00e9. Que vous soyez en qu\u00eate de d\u00e9tente, d\u2019aventure ou de d\u00e9connexion, ce village de la Dr\u00f4me saura r\u00e9pondre \u00e0 toutes vos attentes.<\/p>\n\n\n\n<p><a href=\"https:\/\/cabanes-plandebaix.com\/\" data-type=\"page\" data-id=\"4\">Planifiez<\/a> d\u00e8s maintenant votre escapade \u00e0 Plan-de-Baix et laissez-vous envo\u00fbter par la beaut\u00e9 de ce petit coin de paradis dr\u00f4mois !<\/p>\n\n\n\n<p><\/p>\n\n\n\n<p><\/p>\n","protected":false},"excerpt":{"rendered":"<p>D\u00e9couvrez Plan-de-Baix : Un joyau cach\u00e9 de la Vallee de la Dr\u00f4me Nich\u00e9 au pied du majestueux plateau du Vellan, Plan-de-Baix est un charmant village situ\u00e9 dans la Dr\u00f4me, \u00e0 quelques kilom\u00e8tres de Crest. Entre nature pr\u00e9serv\u00e9e, patrimoine historique et activit\u00e9s en plein air, cette petite commune a tout pour s\u00e9duire les amoureux de paysages [&hellip;]<\/p>\n","protected":false},"author":1,"featured_media":43,"parent":0,"menu_order":0,"comment_status":"closed","ping_status":"closed","template":"","meta":{"footnotes":""},"class_list":["post-30","page","type-page","status-publish","has-post-thumbnail","hentry"],"_links":{"self":[{"href":"https:\/\/cabanes-plandebaix.com\/index.php\/wp-json\/wp\/v2\/pages\/30","targetHints":{"allow":["GET"]}}],"collection":[{"href":"https:\/\/cabanes-plandebaix.com\/index.php\/wp-json\/wp\/v2\/pages"}],"about":[{"href":"https:\/\/cabanes-plandebaix.com\/index.php\/wp-json\/wp\/v2\/types\/page"}],"author":[{"embeddable":true,"href":"https:\/\/cabanes-plandebaix.com\/index.php\/wp-json\/wp\/v2\/users\/1"}],"replies":[{"embeddable":true,"href":"https:\/\/cabanes-plandebaix.com\/index.php\/wp-json\/wp\/v2\/comments?post=30"}],"version-history":[{"count":4,"href":"https:\/\/cabanes-plandebaix.com\/index.php\/wp-json\/wp\/v2\/pages\/30\/revisions"}],"predecessor-version":[{"id":55,"href":"https:\/\/cabanes-plandebaix.com\/index.php\/wp-json\/wp\/v2\/pages\/30\/revisions\/55"}],"wp:featuredmedia":[{"embeddable":true,"href":"https:\/\/cabanes-plandebaix.com\/index.php\/wp-json\/wp\/v2\/media\/43"}],"wp:attachment":[{"href":"https:\/\/cabanes-plandebaix.com\/index.php\/wp-json\/wp\/v2\/media?parent=30"}],"curies":[{"name":"wp","href":"https:\/\/api.w.org\/{rel}","templated":true}]}}