{"id":28,"date":"2024-11-13T10:36:07","date_gmt":"2024-11-13T09:36:07","guid":{"rendered":"https:\/\/cabanes-plandebaix.com\/?page_id=28"},"modified":"2024-12-05T09:58:05","modified_gmt":"2024-12-05T08:58:05","slug":"les-cabanes","status":"publish","type":"page","link":"https:\/\/cabanes-plandebaix.com\/index.php\/les-cabanes\/","title":{"rendered":"Les Cabanes"},"content":{"rendered":"\n<p><strong>Nos cabanes proposent de tout le n\u00e9cessaire pour une \u00e9tape agr\u00e9able et confortable dans un espace pratique et bien con\u00e7u. L\u2019am\u00e9nagement ergonomique, offrant une libert\u00e9 de mouvement compl\u00e8te (possibilit\u00e9 de se tenir debout partout), permet d\u2019accueillir tous les types de publics.<\/strong><\/p>\n\n\n\n<p><\/p>\n\n\n\n<h4 class=\"wp-block-heading\" style=\"margin-top:var(--wp--preset--spacing--50);margin-bottom:var(--wp--preset--spacing--50)\">Les cabanes pour randonneurs : une halte id\u00e9ale en pleine nature<\/h4>\n\n\n\n<p>Nos cabanes pour randonneurs offrent un h\u00e9bergement pratique, confortable et \u00e9cologique :<\/p>\n\n\n\n<ul class=\"wp-block-list\">\n<li>Acc\u00e8s de plain-pied, 3 ou 4 couchages, tout \u00e9quip\u00e9es avec \u00e9lectricit\u00e9.<\/li>\n\n\n\n<li>Fabriqu\u00e9es en bois fran\u00e7ais certifi\u00e9 PEFC et mat\u00e9riaux recyclables, elles sont isol\u00e9es pour un confort en toutes saisons.<\/li>\n\n\n\n<li>Trois \u00e0 quatre couchages confortables, un espace repas accessible \u00e0 tous, des rangements astucieux, et des recharges \u00e9lectriques s\u00e9curis\u00e9es.<\/li>\n<\/ul>\n\n\n\n<p>Offrant une pause cosy et respectueuse de l\u2019environnement, ces cabanes sont id\u00e9ales pour les aventuriers en qu\u00eate d\u2019un moment de r\u00e9pit avant de reprendre leur chemin.<\/p>\n\n\n\n<p><\/p>\n\n\n\n<p><\/p>\n\n\n\n<h4 class=\"wp-block-heading\" style=\"margin-top:var(--wp--preset--spacing--40);margin-right:0;margin-bottom:var(--wp--preset--spacing--40);margin-left:0\">Pr\u00e9sentation des cabanes en vid\u00e9o<\/h4>\n\n\n\n<div class=\"wp-block-columns is-layout-flex wp-container-core-columns-is-layout-a0095bb7 wp-block-columns-is-layout-flex\" style=\"margin-top:var(--wp--preset--spacing--40);margin-bottom:var(--wp--preset--spacing--40);padding-top:var(--wp--preset--spacing--40);padding-right:var(--wp--preset--spacing--30);padding-bottom:var(--wp--preset--spacing--40);padding-left:var(--wp--preset--spacing--30)\">\n<div class=\"wp-block-column is-layout-flow wp-block-column-is-layout-flow\" style=\"flex-basis:100%\">\n<iframe loading=\"lazy\" width=\"560\" height=\"315\" align=center src=\"https:\/\/www.youtube.com\/embed\/FDX9f4lEujU?si=JzZJIzSk-AriIMks\" title=\"YouTube video player\" frameborder=\"0\" allow=\"accelerometer; autoplay; clipboard-write; encrypted-media; gyroscope; picture-in-picture; web-share\" referrerpolicy=\"strict-origin-when-cross-origin\" allowfullscreen=\"\"><\/iframe>\n<\/div>\n<\/div>\n\n\n\n<h4 class=\"wp-block-heading\" style=\"margin-top:var(--wp--preset--spacing--50);margin-bottom:var(--wp--preset--spacing--50)\">R\u00e9server ma cabane<br><br><\/h4>\n\n\n\n<div class=\"wp-block-group has-foreground-background-color has-background is-layout-constrained wp-container-core-group-is-layout-80fb368b wp-block-group-is-layout-constrained\" style=\"padding-top:var(--wp--preset--spacing--30);padding-right:var(--wp--preset--spacing--30);padding-bottom:var(--wp--preset--spacing--30);padding-left:var(--wp--preset--spacing--30)\">\n<script type=\"text\/javascript\" align=center src=\"\/\/gadget.open-system.fr\/widgets-libs\/rel\/noyau-1.0.min.js\"><\/script>\n<script type=\"text\/javascript\">\n( function() {\n\tvar widgetProduit = AllianceReseaux.Widget.Instance( \"Produit\", { idPanier:\"GTgZGRk\", idIntegration:1200, langue:\"fr\", ui:\"OSCA-132242\" } );\n\twidgetProduit.Initialise();\n})();\n<\/script>\n\n<div id=\"widget-produit-OSCA-132242\"><\/div>\n<\/div>\n\n\n\n<p><\/p>\n\n\n\n<p><\/p>\n\n\n\n<figure class=\"wp-block-image size-full wp-duotone-default-filter\"><img loading=\"lazy\" decoding=\"async\" width=\"800\" height=\"450\" src=\"https:\/\/cabanes-plandebaix.com\/wp-content\/uploads\/2024\/12\/IMG_E0458.jpg\" alt=\"\" class=\"wp-image-71\" srcset=\"https:\/\/cabanes-plandebaix.com\/wp-content\/uploads\/2024\/12\/IMG_E0458.jpg 800w, https:\/\/cabanes-plandebaix.com\/wp-content\/uploads\/2024\/12\/IMG_E0458-300x169.jpg 300w, https:\/\/cabanes-plandebaix.com\/wp-content\/uploads\/2024\/12\/IMG_E0458-768x432.jpg 768w\" sizes=\"auto, (max-width: 800px) 100vw, 800px\" \/><\/figure>\n","protected":false},"excerpt":{"rendered":"<p>Nos cabanes proposent de tout le n\u00e9cessaire pour une \u00e9tape agr\u00e9able et confortable dans un espace pratique et bien con\u00e7u. L\u2019am\u00e9nagement ergonomique, offrant une libert\u00e9 de mouvement compl\u00e8te (possibilit\u00e9 de se tenir debout partout), permet d\u2019accueillir tous les types de publics. Les cabanes pour randonneurs : une halte id\u00e9ale en pleine nature Nos cabanes pour [&hellip;]<\/p>\n","protected":false},"author":1,"featured_media":52,"parent":0,"menu_order":0,"comment_status":"closed","ping_status":"closed","template":"","meta":{"footnotes":""},"class_list":["post-28","page","type-page","status-publish","has-post-thumbnail","hentry"],"_links":{"self":[{"href":"https:\/\/cabanes-plandebaix.com\/index.php\/wp-json\/wp\/v2\/pages\/28","targetHints":{"allow":["GET"]}}],"collection":[{"href":"https:\/\/cabanes-plandebaix.com\/index.php\/wp-json\/wp\/v2\/pages"}],"about":[{"href":"https:\/\/cabanes-plandebaix.com\/index.php\/wp-json\/wp\/v2\/types\/page"}],"author":[{"embeddable":true,"href":"https:\/\/cabanes-plandebaix.com\/index.php\/wp-json\/wp\/v2\/users\/1"}],"replies":[{"embeddable":true,"href":"https:\/\/cabanes-plandebaix.com\/index.php\/wp-json\/wp\/v2\/comments?post=28"}],"version-history":[{"count":11,"href":"https:\/\/cabanes-plandebaix.com\/index.php\/wp-json\/wp\/v2\/pages\/28\/revisions"}],"predecessor-version":[{"id":77,"href":"https:\/\/cabanes-plandebaix.com\/index.php\/wp-json\/wp\/v2\/pages\/28\/revisions\/77"}],"wp:featuredmedia":[{"embeddable":true,"href":"https:\/\/cabanes-plandebaix.com\/index.php\/wp-json\/wp\/v2\/media\/52"}],"wp:attachment":[{"href":"https:\/\/cabanes-plandebaix.com\/index.php\/wp-json\/wp\/v2\/media?parent=28"}],"curies":[{"name":"wp","href":"https:\/\/api.w.org\/{rel}","templated":true}]}}